{"id":6655,"date":"2026-02-05T16:01:02","date_gmt":"2026-02-05T13:01:02","guid":{"rendered":"https:\/\/iiccairo.esteri.it\/?page_id=6655"},"modified":"2026-02-22T17:24:39","modified_gmt":"2026-02-22T14:24:39","slug":"netiquette-internet","status":"publish","type":"page","link":"https:\/\/iiccairo.esteri.it\/it\/chi-siamo\/contatti\/netiquette-internet\/","title":{"rendered":"Netiquette Internet"},"content":{"rendered":"<p><strong>L\u2019Istituto Italiano di Cultura del Cairo utilizza i social media a fini istituzionali per migliorare la trasparenza e informare il pubblico<\/strong> capillarmente sulle proprie attivit\u00e0, nonch\u00e9 per condividere le iniziative di promozione e le opportunit\u00e0 relative alla lingua e alla cultura italiana, notizie dal Consolato Generale al Cairo e dall\u2019Ambasciata d\u2019Italia il Cairo.<\/p>\n<p>L\u2019IIC del Cairo informa, comunica, riceve e pubblica contenuti di natura istituzionale.<\/p>\n<p>I contenuti pubblicati includono fotografie, video istituzionali, comunicati stampa, informazioni di servizio, notizie sulle attivit\u00e0 della sede, notizie dall\u2019Italia, elementi di cultura italiana, opportunit\u00e0 di lavoro. I dati personali sono trattati in conformit\u00e0 alla normativa vigente, la cui informativa \u00e8 disponibile\u00a0qui.<\/p>\n<p>Attraverso i propri canali social, questa sede pu\u00f2 condividere e ripubblicare contenuti e messaggi di interesse pubblico o di servizio pubblicati da altri utenti. L\u2019IIC del Cairo si impegna a gestire spazi di comunicazione e dialogo attraverso i propri account sui social media e chiede ai propri utenti, nell&#8217;interazione e nel dialogo con i contenuti pubblicati, di rispettare alcune semplici regole.<\/p>\n<p>In particolare, <strong>non saranno comunque tollerati e saranno rimossi a insindacabile giudizio dell\u2019amministratore i seguenti commenti<\/strong>:<\/p>\n<p>\u2013 insulti, volgarit\u00e0, offese, minacce e, in generale, atteggiamenti violenti, irrispettosi o diffamatori; a tutti si chiede di esporre la propria opinione con correttezza, misura e rispetto;<\/p>\n<p>-contenuti osceni, o tali da offendere la sensibilit\u00e0 degli utenti;<\/p>\n<p>-qualsiasi forma di pubblicit\u00e0 o promozione di interessi privati di qualunque tipo;<\/p>\n<p>-contenuti ingannevoli, allarmistici, o in violazione di diritti di terzi;<\/p>\n<p>-contenuti discriminatori per genere, razza, etnia, lingua, credo religioso, opinioni politiche, orientamento sessuale, et\u00e0, condizioni personali e sociali;<\/p>\n<p>-contenuti che violino il diritto d\u2019autore o che sostengano l\u2019utilizzo non autorizzato di marchi registrati;<\/p>\n<p>-contenuti lesivi di qualunque norma dei sistemi giuridici italiano o spagnolo;<\/p>\n<p>-contenuti lesivi della riservatezza e della protezione di dati personali. Vanno evitati riferimenti a fatti o a dettagli privi di rilevanza pubblica e che ledano la sfera personale di terzi.<\/p>\n<p>Per chi dovesse violare ripetutamente queste condizioni o quelle contenute nelle policy degli strumenti adottati, questa sede, coerentemente con la <a href=\"https:\/\/www.esteri.it\/it\/sala_stampa\/socialfarnesina\/social-media-policy\/\">Social Media Policy del MAECI<\/a>, si riserva il diritto di usare il ban o il blocco (quando possibile, dopo un primo avvertimento, che avverr\u00e0 via messaggio privato) per impedire ulteriori interventi, e di segnalare l\u2019utente ai responsabili della piattaforma ed eventualmente alle forze dell\u2019ordine o in altre sedi.<\/p>\n<p>Questa sede interagisce con gli utenti attraverso i propri profili social soltanto per un primo orientamento sui vari temi. Per poter dar corso ai servizi di informazione e assistenza \u00e8 possibile contattare la sede come indicato nella <strong>sezione &#8220;<a href=\"https:\/\/iiccairo.esteri.it\/it\/chi-siamo\/contatti\/\">Contatti<\/a>&#8221; del sito<\/strong>.<\/p>\n","protected":false},"excerpt":{"rendered":"L\u2019Istituto Italiano di Cultura del Cairo utilizza i social media a fini istituzionali per migliorare la trasparenza e informare il pubblico capillarmente sulle proprie attivit\u00e0, nonch\u00e9 per condividere le iniziative di promozione e le opportunit\u00e0 relative alla lingua e alla cultura italiana, notizie dal Consolato Generale al Cairo e dall\u2019Ambasciata d\u2019Italia il Cairo. L\u2019IIC del [&hellip;]","protected":false},"author":3,"featured_media":0,"parent":41,"menu_order":0,"comment_status":"closed","ping_status":"closed","template":"","meta":{"footnotes":""},"class_list":["post-6655","page","type-page","status-publish","hentry"],"_links":{"self":[{"href":"https:\/\/iiccairo.esteri.it\/it\/wp-json\/wp\/v2\/pages\/6655","targetHints":{"allow":["GET"]}}],"collection":[{"href":"https:\/\/iiccairo.esteri.it\/it\/wp-json\/wp\/v2\/pages"}],"about":[{"href":"https:\/\/iiccairo.esteri.it\/it\/wp-json\/wp\/v2\/types\/page"}],"author":[{"embeddable":true,"href":"https:\/\/iiccairo.esteri.it\/it\/wp-json\/wp\/v2\/users\/3"}],"replies":[{"embeddable":true,"href":"https:\/\/iiccairo.esteri.it\/it\/wp-json\/wp\/v2\/comments?post=6655"}],"version-history":[{"count":3,"href":"https:\/\/iiccairo.esteri.it\/it\/wp-json\/wp\/v2\/pages\/6655\/revisions"}],"predecessor-version":[{"id":6731,"href":"https:\/\/iiccairo.esteri.it\/it\/wp-json\/wp\/v2\/pages\/6655\/revisions\/6731"}],"up":[{"embeddable":true,"href":"https:\/\/iiccairo.esteri.it\/it\/wp-json\/wp\/v2\/pages\/41"}],"wp:attachment":[{"href":"https:\/\/iiccairo.esteri.it\/it\/wp-json\/wp\/v2\/media?parent=6655"}],"curies":[{"name":"wp","href":"https:\/\/api.w.org\/{rel}","templated":true}]}}