{"id":2085,"date":"2024-02-29T13:25:37","date_gmt":"2024-02-29T10:25:37","guid":{"rendered":"https:\/\/iiccairo.esteri.it\/?page_id=2085"},"modified":"2024-02-29T13:25:37","modified_gmt":"2024-02-29T10:25:37","slug":"curriculum","status":"publish","type":"page","link":"https:\/\/iiccairo.esteri.it\/it\/lingua-e-cultura\/i-corsi-di-lingua\/curriculum\/","title":{"rendered":"Curriculum"},"content":{"rendered":"<p>&nbsp;<\/p>\n<p>Oltre a vari supporti cartacei e audiovisivi, nei corsi vengono usati i seguenti testi:<\/p>\n<table width=\"107%\">\n<tbody>\n<tr>\n<td width=\"18%\">Livello<\/td>\n<td width=\"33%\">Testo<\/td>\n<td width=\"17%\">Casa Editrice<\/td>\n<td width=\"29%\">Unit\u00e0<\/td>\n<\/tr>\n<tr>\n<td width=\"18%\">livello 1 (A1.1)<\/td>\n<td width=\"33%\"><a href=\"https:\/\/www.edilingua.it\/it-it\/Prodotti.aspx?ElementID=2131da83-397b-42fa-b506-96b9651a6e54&amp;Action=First\">Nuovissimo Progetto Italiano 1a<\/a><\/td>\n<td width=\"17%\">Edilingua<\/td>\n<td width=\"29%\">(introduzione + unit\u00e0 1 e 2)<\/td>\n<\/tr>\n<tr>\n<td width=\"18%\">livello 2 (A1.2)<\/td>\n<td width=\"33%\"><a href=\"https:\/\/www.edilingua.it\/it-it\/Prodotti.aspx?ElementID=2131da83-397b-42fa-b506-96b9651a6e54&amp;Action=First\">Nuovissimo Progetto Italiano 1a<\/a><\/td>\n<td width=\"17%\">Edilingua<\/td>\n<td width=\"29%\">(unit\u00e0 3, 4 e 5)<\/td>\n<\/tr>\n<tr>\n<td width=\"18%\">livello 3 (A2.1)<\/td>\n<td width=\"33%\"><a href=\"https:\/\/www.edilingua.it\/it-it\/Prodotti.aspx?ElementID=2131da83-397b-42fa-b506-96b9651a6e54&amp;Action=First\">Nuovissimo Progetto Italiano 1b<\/a><\/td>\n<td width=\"17%\">Edilingua<\/td>\n<td width=\"29%\">(unit\u00e0 6, 7, e 8)<\/td>\n<\/tr>\n<tr>\n<td width=\"18%\">livello 4 (A2.2)<\/td>\n<td width=\"33%\"><a href=\"https:\/\/www.edilingua.it\/it-it\/Prodotti.aspx?ElementID=2131da83-397b-42fa-b506-96b9651a6e54&amp;Action=First\">Nuovissimo Progetto Italiano 1b<\/a><\/td>\n<td width=\"17%\">Edilingua<\/td>\n<td width=\"29%\">(unit\u00e0 9, 10 e 11)<\/td>\n<\/tr>\n<tr>\n<td width=\"18%\">livello 5 (B1.1)<\/td>\n<td width=\"33%\"><a href=\"https:\/\/www.edilingua.it\/it-it\/Prodotti.aspx?ElementID=2131da83-397b-42fa-b506-96b9651a6e54&amp;Action=First\">Nuovissimo Progetto Italiano 2a<\/a><\/td>\n<td width=\"17%\">Edilingua<\/td>\n<td width=\"29%\">(introduzione + unit\u00e0 1 e 2)<\/td>\n<\/tr>\n<tr>\n<td width=\"18%\">livello 6 (B1.2)<\/td>\n<td width=\"33%\"><a href=\"https:\/\/www.edilingua.it\/it-it\/Prodotti.aspx?ElementID=2131da83-397b-42fa-b506-96b9651a6e54&amp;Action=First\">Nuovissimo Progetto Italiano 2a<\/a><\/td>\n<td width=\"17%\">Edilingua<\/td>\n<td width=\"29%\">(unit\u00e0 3, 4, e 5)<\/td>\n<\/tr>\n<tr>\n<td width=\"18%\">livello 7 (B2.1)<\/td>\n<td width=\"33%\"><a href=\"https:\/\/www.edilingua.it\/it-it\/Prodotti.aspx?ElementID=2131da83-397b-42fa-b506-96b9651a6e54&amp;Action=First\">Nuovissimo Progetto Italiano 2b<\/a><\/td>\n<td width=\"17%\">Edilingua<\/td>\n<td width=\"29%\">(unit\u00e0 6, 7, e 8)<\/td>\n<\/tr>\n<tr>\n<td width=\"18%\">livello 8 (B2.2)<\/td>\n<td width=\"33%\"><a href=\"https:\/\/www.edilingua.it\/it-it\/Prodotti.aspx?ElementID=2131da83-397b-42fa-b506-96b9651a6e54&amp;Action=First\">Nuovissimo Progetto Italiano 2b<\/a><\/td>\n<td width=\"17%\">Edilingua<\/td>\n<td width=\"29%\">(unit\u00e0 9, 10, e 11)<\/td>\n<\/tr>\n<tr>\n<td width=\"18%\">livello\u00a09 (C1.1)<\/td>\n<td width=\"33%\"><a href=\"https:\/\/www.edilingua.it\/it-it\/Prodotti.aspx?ElementID=cd35d180-060d-48c4-8b37-514e5a387e7d\">Nuovissimo Progetto Italiano 3 <\/a><\/td>\n<td width=\"17%\">Edilingua<\/td>\n<td width=\"29%\">(unit\u00e0\u00a0 da 1 a 10)<\/td>\n<\/tr>\n<tr>\n<td width=\"18%\">livello\u00a010 (C1.2)<\/td>\n<td width=\"33%\"><a href=\"https:\/\/www.edilingua.it\/it-it\/Prodotti.aspx?ElementID=cd35d180-060d-48c4-8b37-514e5a387e7d\">Nuovissimo Progetto Italiano 3 <\/a><\/td>\n<td width=\"17%\">Edilingua<\/td>\n<td width=\"29%\">(unit\u00e0 da 11 a 20)<\/td>\n<\/tr>\n<tr>\n<td width=\"18%\">livello\u00a011 (C1.3)<\/td>\n<td width=\"33%\"><a href=\"https:\/\/www.edilingua.it\/it-it\/Prodotti.aspx?ElementID=cd35d180-060d-48c4-8b37-514e5a387e7d\">Nuovissimo Progetto Italiano 3 <\/a><\/td>\n<td width=\"17%\">Edilingua<\/td>\n<td width=\"29%\">(unit\u00e0 da 21 a 30)<\/td>\n<\/tr>\n<tr>\n<td width=\"18%\">livello\u00a012 (C2.1)<\/td>\n<td width=\"33%\"><a href=\"https:\/\/www.edilingua.it\/it-it\/Prodotti.aspx?ElementID=6867c722-9313-4bee-99f6-53292efb45d5\">Nuovissimo Progetto Italiano 4<\/a><\/td>\n<td width=\"17%\">Edilingua<\/td>\n<td width=\"29%\">(unit\u00e0 da 1 a 8)<\/td>\n<\/tr>\n<tr>\n<td width=\"18%\">livello\u00a013 (C2.2)<\/td>\n<td width=\"33%\"><a href=\"https:\/\/www.edilingua.it\/it-it\/Prodotti.aspx?ElementID=6867c722-9313-4bee-99f6-53292efb45d5\">Nuovissimo Progetto Italiano 4<\/a><\/td>\n<td width=\"17%\">Edilingua<\/td>\n<td width=\"29%\">(unit\u00e0 da 9 a 17)<\/td>\n<\/tr>\n<tr>\n<td width=\"18%\">livello\u00a014 (C2.3)<\/td>\n<td width=\"33%\"><a href=\"https:\/\/www.edilingua.it\/it-it\/Prodotti.aspx?ElementID=6867c722-9313-4bee-99f6-53292efb45d5\">Nuovissimo Progetto Italiano 4<\/a><\/td>\n<td width=\"17%\">Edilingua<\/td>\n<td width=\"29%\">(unit\u00e0 da 18 a 25)<\/td>\n<\/tr>\n<\/tbody>\n<\/table>\n<p>&nbsp;<\/p>\n<p>I testi si possono acquistare online dal sito <a href=\"https:\/\/www.osirisbookshop.com.eg\/\">Edilingua<\/a> o presso la\u00a0<a href=\"https:\/\/www.osirisbookshop.com.eg\/\">libreria Osiris.<\/a><\/p>\n<p>&nbsp;<\/p>\n","protected":false},"excerpt":{"rendered":"&nbsp; Oltre a vari supporti cartacei e audiovisivi, nei corsi vengono usati i seguenti testi: Livello Testo Casa Editrice Unit\u00e0 livello 1 (A1.1) Nuovissimo Progetto Italiano 1a Edilingua (introduzione + unit\u00e0 1 e 2) livello 2 (A1.2) Nuovissimo Progetto Italiano 1a Edilingua (unit\u00e0 3, 4 e 5) livello 3 (A2.1) Nuovissimo Progetto Italiano 1b Edilingua [&hellip;]","protected":false},"author":3,"featured_media":0,"parent":42,"menu_order":0,"comment_status":"closed","ping_status":"closed","template":"","meta":{"footnotes":""},"class_list":["post-2085","page","type-page","status-publish","hentry"],"_links":{"self":[{"href":"https:\/\/iiccairo.esteri.it\/it\/wp-json\/wp\/v2\/pages\/2085","targetHints":{"allow":["GET"]}}],"collection":[{"href":"https:\/\/iiccairo.esteri.it\/it\/wp-json\/wp\/v2\/pages"}],"about":[{"href":"https:\/\/iiccairo.esteri.it\/it\/wp-json\/wp\/v2\/types\/page"}],"author":[{"embeddable":true,"href":"https:\/\/iiccairo.esteri.it\/it\/wp-json\/wp\/v2\/users\/3"}],"replies":[{"embeddable":true,"href":"https:\/\/iiccairo.esteri.it\/it\/wp-json\/wp\/v2\/comments?post=2085"}],"version-history":[{"count":1,"href":"https:\/\/iiccairo.esteri.it\/it\/wp-json\/wp\/v2\/pages\/2085\/revisions"}],"predecessor-version":[{"id":2088,"href":"https:\/\/iiccairo.esteri.it\/it\/wp-json\/wp\/v2\/pages\/2085\/revisions\/2088"}],"up":[{"embeddable":true,"href":"https:\/\/iiccairo.esteri.it\/it\/wp-json\/wp\/v2\/pages\/42"}],"wp:attachment":[{"href":"https:\/\/iiccairo.esteri.it\/it\/wp-json\/wp\/v2\/media?parent=2085"}],"curies":[{"name":"wp","href":"https:\/\/api.w.org\/{rel}","templated":true}]}}