{"id":2048,"date":"2024-02-29T13:07:28","date_gmt":"2024-02-29T10:07:28","guid":{"rendered":"https:\/\/iiccairo.esteri.it\/?page_id=2048"},"modified":"2024-03-20T10:43:39","modified_gmt":"2024-03-20T07:43:39","slug":"corsi-individuali","status":"publish","type":"page","link":"https:\/\/iiccairo.esteri.it\/it\/lingua-e-cultura\/i-corsi-di-lingua\/corsi-individuali\/","title":{"rendered":"Corsi individuali"},"content":{"rendered":"<p><strong>\u00a0 Corsi individuali<\/strong><\/p>\n<p>In alternativa al corso generale, il candidato pu\u00f2 opzionare per ragioni personali il corso individuale, il quale generalmente garantisce un avanzamento pi\u00f9 spedito nella formazione, oltre alla possibilit\u00e0\u00a0di\u00a0seguire un programma ad hoc\u00a0di\u00a0studio della lingua Italiana.<\/p>\n<p>Le lezioni si svolgono 2 volte a settimana, 2 ore a lezione, in base alle preferenze orarie del candidato e alla disponibilit\u00e0 dell\u2019insegnante.<\/p>\n<p>Durata: 20 ore<\/p>\n<p>Tassa di iscrizione: 8000 LE Con la possibilit\u00e0\u00a0di\u00a0un prolungamento dopo la\u00a0fine delle 20 ore (400 LE\/ora).<\/p>\n<ul>\n<li style=\"list-style-type: none;\">\n<ul>\n<li>la tassa di iscrizione non include il materiale didattico.<\/li>\n<li>la data\u00a0di\u00a0fine corso potrebbe subire variazioni secondo\u00a0il calendario delle\u00a0ferie italiane. Si tengono in considerazione\u00a0le\u00a0ferie ufficiali egiziane.<\/li>\n<li>Per esigenze di pianificazione dei calendari didattici sia\u00a0dell&#8217;IIC sia\u00a0dei docenti, le assenze sono regolate e quelle non giustificate, sono scalate dal totale delle ore previste per il corso. Pertanto, tutte le assenze\/rinvii devono essere comunicate\/i 24 ore prima dell\u2019inizio della lezione.\u00a0\u00c8 ammessa una sola assenza con giustificativi evidenti e senza preavviso, mentre le successive saranno automaticamente detratte dal monte ore restante per la sessione in corso.<\/li>\n<li>alla fine\u00a0di\u00a0ogni corso, al candidato viene rilasciato un attestato\u00a0di\u00a0frequenza, a patto che abbia frequentato non meno\u00a0del 60% delle lezioni e abbia superato l&#8217;esame previsto alla fine\u00a0di\u00a0ogni corso.<\/li>\n<li>per\u00a0accreditare il\u00a0livello raggiunto,\u00a0il\u00a0candidato deve sostenere l&#8217;esame CELI che si terr\u00e0 presso questo IIC convenzionato con\u00a0il\u00a0CVCL\u00a0di\u00a0Perugia.<\/li>\n<li>in base all&#8217;impegno del candidato, si pu\u00f2 raggiungere\u00a0il\u00a0livello B1 in 170\/200 ore in un corso privato, purch\u00e9 frequenti costantemente tutte le lezioni, segua le istruzioni dell&#8217;insegnante, studi e pratichi la\u00a0lingua\u00a0con passione.<\/li>\n<\/ul>\n<\/li>\n<\/ul>\n<p>&nbsp;<\/p>\n<p>Per ulteriori informazioni:<br \/>\n<strong>SEGRETERIA CORSI DI LINGUA E CERTIFICAZIONI:<\/strong><br \/>\ne-mail:\u00a0<a href=\"mailto:iiccairo.corsi@gmail.com\">iiccairo.corsi@gmail.com<\/a><\/p>\n<p>&nbsp;<\/p>\n<p><strong>\u00a0 <\/strong><\/p>\n","protected":false},"excerpt":{"rendered":"\u00a0 Corsi individuali In alternativa al corso generale, il candidato pu\u00f2 opzionare per ragioni personali il corso individuale, il quale generalmente garantisce un avanzamento pi\u00f9 spedito nella formazione, oltre alla possibilit\u00e0\u00a0di\u00a0seguire un programma ad hoc\u00a0di\u00a0studio della lingua Italiana. Le lezioni si svolgono 2 volte a settimana, 2 ore a lezione, in base alle preferenze orarie [&hellip;]","protected":false},"author":3,"featured_media":0,"parent":42,"menu_order":0,"comment_status":"closed","ping_status":"closed","template":"","meta":{"footnotes":""},"class_list":["post-2048","page","type-page","status-publish","hentry"],"_links":{"self":[{"href":"https:\/\/iiccairo.esteri.it\/it\/wp-json\/wp\/v2\/pages\/2048","targetHints":{"allow":["GET"]}}],"collection":[{"href":"https:\/\/iiccairo.esteri.it\/it\/wp-json\/wp\/v2\/pages"}],"about":[{"href":"https:\/\/iiccairo.esteri.it\/it\/wp-json\/wp\/v2\/types\/page"}],"author":[{"embeddable":true,"href":"https:\/\/iiccairo.esteri.it\/it\/wp-json\/wp\/v2\/users\/3"}],"replies":[{"embeddable":true,"href":"https:\/\/iiccairo.esteri.it\/it\/wp-json\/wp\/v2\/comments?post=2048"}],"version-history":[{"count":3,"href":"https:\/\/iiccairo.esteri.it\/it\/wp-json\/wp\/v2\/pages\/2048\/revisions"}],"predecessor-version":[{"id":2219,"href":"https:\/\/iiccairo.esteri.it\/it\/wp-json\/wp\/v2\/pages\/2048\/revisions\/2219"}],"up":[{"embeddable":true,"href":"https:\/\/iiccairo.esteri.it\/it\/wp-json\/wp\/v2\/pages\/42"}],"wp:attachment":[{"href":"https:\/\/iiccairo.esteri.it\/it\/wp-json\/wp\/v2\/media?parent=2048"}],"curies":[{"name":"wp","href":"https:\/\/api.w.org\/{rel}","templated":true}]}}