{"id":1745,"date":"2024-01-18T15:20:11","date_gmt":"2024-01-18T12:20:11","guid":{"rendered":"https:\/\/iiccairo.esteri.it\/?page_id=1745"},"modified":"2026-02-25T15:53:37","modified_gmt":"2026-02-25T12:53:37","slug":"emeroteca-digitale-progetto-stampa-migrante","status":"publish","type":"page","link":"https:\/\/iiccairo.esteri.it\/it\/lingua-e-cultura\/biblioteca\/emeroteca-digitale-progetto-stampa-migrante\/","title":{"rendered":"Emeroteca Digitale: progetto &#8220;Stampa migrante&#8221;"},"content":{"rendered":"<p><img loading=\"lazy\" decoding=\"async\" class=\"img-fluid aligncenter wp-image-1748 size-large\" src=\"https:\/\/iiccairo.esteri.it\/wp-content\/uploads\/2024\/01\/il-g-1024x575.jpg\" alt=\"\" width=\"640\" height=\"359\" srcset=\"https:\/\/iiccairo.esteri.it\/wp-content\/uploads\/2024\/01\/il-g-1024x575.jpg 1024w, https:\/\/iiccairo.esteri.it\/wp-content\/uploads\/2024\/01\/il-g-300x168.jpg 300w, https:\/\/iiccairo.esteri.it\/wp-content\/uploads\/2024\/01\/il-g-768x431.jpg 768w, https:\/\/iiccairo.esteri.it\/wp-content\/uploads\/2024\/01\/il-g.jpg 1431w\" sizes=\"auto, (max-width: 640px) 100vw, 640px\" \/><\/p>\n<p>\u00a9 IIC Cairo<\/p>\n<p>Il progetto<strong> <em>Stampa Migrante. Periodici della comunit\u00e0 italiana in Egitto<\/em> (1892-1940)<\/strong> \u00e8 stato curato dalla ricercatrice italiana <strong>Lucia Carminati<\/strong> dell&#8217;Universit\u00e0 di Oslo e finanziato dalla <strong><em>British Library<\/em><\/strong> nel contesto dell&#8217;iniziativa &#8220;Endangered Archives Programme&#8221;.<\/p>\n<p>Consiste in un complesso e ragionato lavoro di produzione di metadati, che accompagna la digitalizzazione della collezione storica di periodici stampati in Egitto in lingua italiana, ora custoditi presso la biblioteca del <a href=\"https:\/\/iiccairo.esteri.it\/it\/chi-siamo\/la-sede\/centro-archeologico\/\">Centro Archeologico Italiano<\/a> del Cairo.<\/p>\n<p>In particolare, sono stati archiviate, secondo gli standards in uso, le <strong>copie digitali delle oltre 40 000 pagine dei 120 volumi<\/strong> delle riviste<strong><em> L\u2019Imparziale<\/em> <\/strong>(1892-1940), il <strong><em>Messaggero Egiziano<\/em><\/strong> (1926-1930), <strong><em>Il Giornale d\u2019Oriente &#8211; L\u2019Imparziale <\/em><\/strong>(1930-1940) e <strong><em>Il Giornale d\u2019Oriente &#8211; Messaggero Egiziano<\/em><\/strong> (1924-1940), offrendo ai ricercatori notizie di prima mano sulla storia dell&#8217;immigrazione italiana verso l&#8217;Egitto nonch\u00e9 su aspetti inesplorati della societ\u00e0 egiziana moderna.<\/p>\n<p>All\u2019indicizzazione delle riviste ha collaborato anche il Dipartimento per i libri rari e le collezioni speciali dell&#8217;<strong>American University in Cairo<\/strong> (AUC).<\/p>\n<p>Per informazioni e consultazione:\u00a0<a title=\"https:\/\/eap.bl.uk\/project\/EAP1474\" href=\"https:\/\/eap.bl.uk\/project\/EAP1474\" target=\"_blank\" rel=\"noopener noreferrer\" data-auth=\"NotApplicable\" data-linkindex=\"3\">Stampa migrante: periodicals of the Italian community of Egypt, 1892-1940 | Endangered Archives Programme<\/a>.<\/p>\n","protected":false},"excerpt":{"rendered":"\u00a9 IIC Cairo Il progetto Stampa Migrante. Periodici della comunit\u00e0 italiana in Egitto (1892-1940) \u00e8 stato curato dalla ricercatrice italiana Lucia Carminati dell&#8217;Universit\u00e0 di Oslo e finanziato dalla British Library nel contesto dell&#8217;iniziativa &#8220;Endangered Archives Programme&#8221;. Consiste in un complesso e ragionato lavoro di produzione di metadati, che accompagna la digitalizzazione della collezione storica di [&hellip;]","protected":false},"author":3,"featured_media":0,"parent":46,"menu_order":0,"comment_status":"closed","ping_status":"closed","template":"","meta":{"footnotes":""},"class_list":["post-1745","page","type-page","status-publish","hentry"],"_links":{"self":[{"href":"https:\/\/iiccairo.esteri.it\/it\/wp-json\/wp\/v2\/pages\/1745","targetHints":{"allow":["GET"]}}],"collection":[{"href":"https:\/\/iiccairo.esteri.it\/it\/wp-json\/wp\/v2\/pages"}],"about":[{"href":"https:\/\/iiccairo.esteri.it\/it\/wp-json\/wp\/v2\/types\/page"}],"author":[{"embeddable":true,"href":"https:\/\/iiccairo.esteri.it\/it\/wp-json\/wp\/v2\/users\/3"}],"replies":[{"embeddable":true,"href":"https:\/\/iiccairo.esteri.it\/it\/wp-json\/wp\/v2\/comments?post=1745"}],"version-history":[{"count":5,"href":"https:\/\/iiccairo.esteri.it\/it\/wp-json\/wp\/v2\/pages\/1745\/revisions"}],"predecessor-version":[{"id":6781,"href":"https:\/\/iiccairo.esteri.it\/it\/wp-json\/wp\/v2\/pages\/1745\/revisions\/6781"}],"up":[{"embeddable":true,"href":"https:\/\/iiccairo.esteri.it\/it\/wp-json\/wp\/v2\/pages\/46"}],"wp:attachment":[{"href":"https:\/\/iiccairo.esteri.it\/it\/wp-json\/wp\/v2\/media?parent=1745"}],"curies":[{"name":"wp","href":"https:\/\/api.w.org\/{rel}","templated":true}]}}