{"id":1723,"date":"2024-01-18T14:56:54","date_gmt":"2024-01-18T11:56:54","guid":{"rendered":"https:\/\/iiccairo.esteri.it\/?page_id=1723"},"modified":"2024-01-18T14:58:13","modified_gmt":"2024-01-18T11:58:13","slug":"visto-per-studio-v-s-u-o-v-n","status":"publish","type":"page","link":"https:\/\/iiccairo.esteri.it\/it\/lingua-e-cultura\/studiare-in-italia\/visto-per-studio-v-s-u-o-v-n\/","title":{"rendered":"Visto per \u00abstudio\u00bb (V.S.U. o V.N.)"},"content":{"rendered":"<p>Ottenuta la dichiarazione di valore si potr\u00e0 fare richiesta di un secondo appuntamento presso <strong><u>Almaviva<\/u><\/strong>, specificando di voler richiedere il visto di studio tipo D \u2013 immatricolazione universitaria. Il visto per studio consente l&#8217;ingresso in Italia, ai fini di un soggiorno di breve o lunga durata, ma a tempo determinato, allo straniero che intenda seguire corsi universitari, corsi di studio o di formazione professionale presso istituti riconosciuti o comunque qualificati, ovvero allo straniero che sia chiamato a svolgere attivit\u00e0 culturali e di ricerca. Il visto per studio \u00e8 altres\u00ec rilasciato, per il periodo necessario, allo straniero che abbia conseguito il diploma di laurea presso un\u2019Universit\u00e0 italiana, per l\u2019espletamento degli esami di abilitazione all\u2019esercizio professionale. Requisito per l&#8217;ottenimento del visto \u00e9 l\u2019et\u00e0 maggiore di anni 14. Per quanto concerne le attivit\u00e0 di studio che comportano l&#8217;esercizio di attivit\u00e0 sanitarie \u00e8 richiesto il preventivo riconoscimento del titolo di studio abilitante all&#8217;esercizio professionale da parte del Ministero della Salute italiano. Per gli stranieri minori (comunque maggiori di anni 14) inseriti in un programma di scambio culturale che prevede l\u2019iscrizione ad una scuola superiore italiana, l\u2019Organizzazione culturale interessata o i genitori interessati devono ottenere l\u2019approvazione del programma da parte del Ministero dell\u2019Universit\u00e0 e della Ricerca (che delega alla scuola) e del Ministero degli Affari Esteri, Ufficio VI \u2013 Direzione Generale Promozione e Cooperazione Culturale. Per ottenere il visto occorre presentare<strong> con largo anticipo rispetto alla data di partenza:<\/strong><\/p>\n<p>&#8211; Formulario di richiesta di visto compilato in inglese o italiano<\/p>\n<p>&#8211; Due foto recenti a colori, formato passaporto<\/p>\n<p>&#8211; Passaporto in originale, valido almeno 18 mesi<\/p>\n<p>&#8211; Lettera di accettazione da parte dell\u2019Universit\u00e0<\/p>\n<p>&#8211; Dichiarazione di Valore (se richiesta da Universit\u00e0)<\/p>\n<p>&#8211; Assicurazione internazionale per 30 giorni<\/p>\n<p>&#8211; Certificazione comprovante la conoscenza della lingua (italiano o inglese)<\/p>\n<p>&#8211; Prenotazione alberghiera o dichiarazione di ospitalit\u00e0 (la lettera di invito pu\u00f2 essere scaricata dal sito di richiesta visto), corredata da documento italiano dell\u2019invitante<\/p>\n<p>&#8211; Conto corrente bancario personale se lo studente ha una propria indipendenza finanziaria, derivante da lavoro<\/p>\n<p>&#8211; Lettera di impegno da parte dei genitori sponsor che si assumono la responsabilit\u00e0 a coprire le spese in Italia<\/p>\n<p>&#8211; Evidenza della situazione professionale\/lavorativa del genitore che sponsorizza, con lettera di lavoro o estratto commerciale<\/p>\n<p>&#8211; Estratto conto corrente bancario per gli ultimi 6 mesi del genitore che sponsorizza<\/p>\n<p>&#8211; Stato di famiglia del genitore che sponsorizza.<\/p>\n<p>I documenti in lingua araba devono essere tradotti in italiano e legalizzati dal Ministero Affari Esteri.<\/p>\n<p>ATTENZIONE: L\u2019elenco dei documenti sopra riportato deve intendersi come meramente orientativo per l\u2019utenza. La sede si riserva di effettuare ulteriori approfondimenti a seconda del caso e di richiedere eventuali integrazioni documentali.<\/p>\n<p>&nbsp;<\/p>\n<p>&#8212;&#8212;&#8212;&#8212;&#8212;&#8212;&#8212;&#8212;&#8212;&#8212;&#8212;&#8212;&#8212;&#8212;&#8212;&#8212;&#8212;&#8212;&#8212;&#8212;&#8212;&#8212;&#8212;&#8212;&#8212;&#8212;&#8212;&#8212;&#8212;&#8212;&#8212;&#8212;&#8212;-<\/p>\n<p>NEW PROCEDURE FOR STUDY VISA REQUESTS<\/p>\n<p>&#8211; foreign students who apply to Italian Universities must upload their pre-registration requests on the website https:\/\/www.universitaly.it<\/p>\n<p>&#8211; Students are requested to provide personal details, including a copy of their passport and diploma certificates, together with a description of the university courses they want to attend.<\/p>\n<p>&#8211; Universities will process the requests and provide an official reply to the students through the same website;<\/p>\n<p>&#8211; If the student get accepted, the University will specify if a \u201cDichiarazione di Valore \u201c ( declaration of value ) is needed;<\/p>\n<p>&#8211; In case the declaration of value is explicitly requested, the student can book an appointment\u00a0<a href=\"https:\/\/ambilcairo.esteri.it\/ambasciata_ilcairo\/it\/informazioni_e_servizi\/visti\/\">through this website<\/a>.<\/p>\n<p>&#8211; To get the \u201cDichiarazione di Valore \u201c of a diploma of secondary school (in the didactic Egyptian system \u201c thanawea Amma \u201c,after 12 years of education )students must present following documents :<\/p>\n<p>Diploma of elementary school<\/p>\n<p>Diploma of second level school<\/p>\n<p>Diploma of secondary school<\/p>\n<p>All documents must be translated into Italian and legalized by Ministry of Foreign Affairs, only after that, they can be presented to\u00a0<a href=\"https:\/\/ambilcairo.esteri.it\/ambasciata_ilcairo\/it\/informazioni_e_servizi\/visti\/visa-application-center.html\">Almaviva<\/a>.<\/p>\n<p>&#8211; Once the declaration of value is ready, the student can book a second appointment to\u00a0<a href=\"https:\/\/eg.almaviva-visa.services\/\">Almaviva<\/a>:<\/p>\n<p>&#8211; Application form to be filled in English or Italian<\/p>\n<p>&#8211; Two recent photos, passport size, colored<\/p>\n<p>Original passport with 18 months validity<\/p>\n<p>Acceptance letter from University<\/p>\n<p>Declaration of Value ( if requested by University )<\/p>\n<p>Medical insurance for a month<\/p>\n<p>Hotel reservation or declaration of hospitality (invitation letter attached in documents required for tourism, including document of the inviting person)<\/p>\n<p>Certificate IELTS of knowledge of English language (or equivalent<\/p>\n<p>Commitment letter from sponsors (students\u2019 parents) to take responsibility to cover expenses in Italy<\/p>\n<p>Personal bank statement of sponsor for last 6 months, with bank<\/p>\n<p>Stamp<\/p>\n<p>Proof of professional status of sponsor parent, with mention of<\/p>\n<p>Salary<\/p>\n<p>Family state of the sponsor parents<\/p>\n<p>Personal bank statement of student in case the applicant is financially<\/p>\n<p>Independent as worked before.<\/p>\n","protected":false},"excerpt":{"rendered":"Ottenuta la dichiarazione di valore si potr\u00e0 fare richiesta di un secondo appuntamento presso Almaviva, specificando di voler richiedere il visto di studio tipo D \u2013 immatricolazione universitaria. Il visto per studio consente l&#8217;ingresso in Italia, ai fini di un soggiorno di breve o lunga durata, ma a tempo determinato, allo straniero che intenda seguire [&hellip;]","protected":false},"author":3,"featured_media":0,"parent":45,"menu_order":0,"comment_status":"closed","ping_status":"closed","template":"","meta":{"footnotes":""},"class_list":["post-1723","page","type-page","status-publish","hentry"],"_links":{"self":[{"href":"https:\/\/iiccairo.esteri.it\/it\/wp-json\/wp\/v2\/pages\/1723","targetHints":{"allow":["GET"]}}],"collection":[{"href":"https:\/\/iiccairo.esteri.it\/it\/wp-json\/wp\/v2\/pages"}],"about":[{"href":"https:\/\/iiccairo.esteri.it\/it\/wp-json\/wp\/v2\/types\/page"}],"author":[{"embeddable":true,"href":"https:\/\/iiccairo.esteri.it\/it\/wp-json\/wp\/v2\/users\/3"}],"replies":[{"embeddable":true,"href":"https:\/\/iiccairo.esteri.it\/it\/wp-json\/wp\/v2\/comments?post=1723"}],"version-history":[{"count":1,"href":"https:\/\/iiccairo.esteri.it\/it\/wp-json\/wp\/v2\/pages\/1723\/revisions"}],"predecessor-version":[{"id":1724,"href":"https:\/\/iiccairo.esteri.it\/it\/wp-json\/wp\/v2\/pages\/1723\/revisions\/1724"}],"up":[{"embeddable":true,"href":"https:\/\/iiccairo.esteri.it\/it\/wp-json\/wp\/v2\/pages\/45"}],"wp:attachment":[{"href":"https:\/\/iiccairo.esteri.it\/it\/wp-json\/wp\/v2\/media?parent=1723"}],"curies":[{"name":"wp","href":"https:\/\/api.w.org\/{rel}","templated":true}]}}