{"id":2262,"date":"2024-02-29T13:30:00","date_gmt":"2024-02-29T10:30:00","guid":{"rendered":"https:\/\/iiccairo.esteri.it\/?page_id=2262"},"modified":"2024-03-20T11:04:35","modified_gmt":"2024-03-20T08:04:35","slug":"%d8%af%d9%88%d8%b1%d8%a7%d8%aa-%d8%a7%d9%84%d9%84%d8%ba%d8%a9-%d9%84%d9%84%d8%a3%d8%ac%d8%a7%d9%86%d8%a8","status":"publish","type":"page","link":"https:\/\/iiccairo.esteri.it\/ar\/lingua-e-cultura\/i-corsi-di-lingua\/%d8%af%d9%88%d8%b1%d8%a7%d8%aa-%d8%a7%d9%84%d9%84%d8%ba%d8%a9-%d9%84%d9%84%d8%a3%d8%ac%d8%a7%d9%86%d8%a8\/","title":{"rendered":"\u062f\u0648\u0631\u0627\u062a \u0627\u0644\u0644\u063a\u0629 \u0644\u0644\u0623\u062c\u0627\u0646\u0628\u00a0"},"content":{"rendered":"<p style=\"direction: rtl; text-align: right;\">\n<p style=\"direction: rtl; text-align: right;\"><strong>\u062f\u0648\u0631\u0627\u062a \u0627\u0644\u0644\u063a\u0629 \u0648\u0627\u0644\u062b\u0642\u0627\u0641\u0629 \u0627\u0644\u0625\u064a\u0637\u0627\u0644\u064a\u0629 \u0627\u0644\u062a\u064a \u062a\u0642\u062f\u0645\u0647\u0627 \u0627\u0644\u062c\u0627\u0645\u0639\u0627\u062a \u0627\u0644\u0625\u064a\u0637\u0627\u0644\u064a\u0629:<\/strong><\/p>\n<p style=\"direction: rtl; text-align: right;\">\n<ul>\n<li style=\"direction: rtl; text-align: right;\"><a href=\"http:\/\/www.unistrapg.it\/italiano\/didattica\/lingua_cultura\/\">Universit\u00e0 per stranieri di Perugia<\/a><\/li>\n<li style=\"direction: rtl; text-align: right;\"><a href=\"http:\/\/www.unistrasi.it\/\">Universit\u00e0 per stranieri di Siena\u00a0<\/a><\/li>\n<li style=\"text-align: right;\">\n<p style=\"direction: rtl;\">Universit\u00e0 degli studi di Roma Tre<\/p>\n<p style=\"direction: rtl;\">\u00a0 \u00a0 \u00a0 1.\u00a0<a href=\"http:\/\/www.cla.uniroma3.it\/\">Corsi CLA<\/a><\/p>\n<p style=\"direction: rtl;\">\u00a0 \u00a0 \u00a0 \u00a02.<a href=\"http:\/\/www.uniroma3.it\/\">\u00a0Italiano L2<\/a><\/p>\n<\/li>\n<li style=\"direction: rtl; text-align: right;\"><a href=\"http:\/\/www.univpm.it\/\">Universit\u00e0 Politecnica delle Marche<\/a><\/li>\n<li style=\"direction: rtl; text-align: right;\"><a href=\"https:\/\/www.unibg.it\/\">Universit\u00e0 degli studi di Bergamo<\/a><\/li>\n<li style=\"direction: rtl; text-align: right;\"><a href=\"https:\/\/centri.unibo.it\/cla\/it\">Universit\u00e0 degli studi di Bologna<\/a><\/li>\n<li style=\"direction: rtl; text-align: right;\"><a href=\"https:\/\/www.ccs.unifi.it\/\">Universit\u00e0 degli studi di Firenze &#8211; Centro di cultura per stranieri<\/a><\/li>\n<li style=\"direction: rtl; text-align: right;\"><a href=\"https:\/\/www.univaq.it\/section.php?id=299\">Universit\u00e0 degli studi de l&#8217;Aquila<\/a><\/li>\n<li style=\"direction: rtl; text-align: right;\"><a href=\"https:\/\/www.unisalento.it\/\">Universit\u00e0 del Salento<\/a><\/li>\n<li style=\"direction: rtl; text-align: right;\"><a href=\"https:\/\/www.unimi.it\/it\">Universit\u00e0 degli studi di Milano<\/a><\/li>\n<li style=\"direction: rtl; text-align: right;\"><a href=\"https:\/\/www.unipr.it\/\">Universit\u00e0 degli studi di Parma<\/a><\/li>\n<li style=\"direction: rtl; text-align: right;\"><a href=\"https:\/\/www.unitn.it\/\">Universit\u00e0 degli studi di Trento<\/a><\/li>\n<li style=\"direction: rtl; text-align: right;\"><a href=\"https:\/\/www.uniurb.it\/\">Universit\u00e0 degli studi di Urbino<\/a><\/li>\n<li style=\"direction: rtl; text-align: right;\"><a href=\"http:\/\/www.unive.it\/\">Universit\u00e0 degli studi Ca&#8217; Foscari di Venezia<\/a><\/li>\n<li style=\"direction: rtl; text-align: right;\"><a href=\"https:\/\/www.unicatt.it\/\">Universit\u00e0 Cattolica del Sacro Cuore\u00a0<\/a><\/li>\n<li style=\"direction: rtl; text-align: right;\"><a href=\"http:\/\/cla.unica.it\/\">Universit\u00e0 degli studi di Cagliari &#8211; Centro linguistico d&#8217;ateneo<\/a><\/li>\n<li style=\"direction: rtl; text-align: right;\"><a href=\"http:\/\/portale.unipa.it\/strutture\/scuolaitalianastranieri\/\">Universit\u00e0 degli studi di Palermo &#8211; Scuola di lingua italiana per stranieri<\/a><\/li>\n<\/ul>\n","protected":false},"excerpt":{"rendered":"\u062f\u0648\u0631\u0627\u062a \u0627\u0644\u0644\u063a\u0629 \u0648\u0627\u0644\u062b\u0642\u0627\u0641\u0629 \u0627\u0644\u0625\u064a\u0637\u0627\u0644\u064a\u0629 \u0627\u0644\u062a\u064a \u062a\u0642\u062f\u0645\u0647\u0627 \u0627\u0644\u062c\u0627\u0645\u0639\u0627\u062a \u0627\u0644\u0625\u064a\u0637\u0627\u0644\u064a\u0629: Universit\u00e0 per stranieri di Perugia Universit\u00e0 per stranieri di Siena\u00a0 Universit\u00e0 degli studi di Roma Tre \u00a0 \u00a0 \u00a0 1.\u00a0Corsi CLA \u00a0 \u00a0 \u00a0 \u00a02.\u00a0Italiano L2 Universit\u00e0 Politecnica delle Marche Universit\u00e0 degli studi di Bergamo Universit\u00e0 degli studi di Bologna Universit\u00e0 degli studi di Firenze &#8211; Centro [&hellip;]","protected":false},"author":3,"featured_media":0,"parent":78,"menu_order":0,"comment_status":"closed","ping_status":"closed","template":"","meta":{"footnotes":""},"class_list":["post-2262","page","type-page","status-publish","hentry"],"_links":{"self":[{"href":"https:\/\/iiccairo.esteri.it\/ar\/wp-json\/wp\/v2\/pages\/2262","targetHints":{"allow":["GET"]}}],"collection":[{"href":"https:\/\/iiccairo.esteri.it\/ar\/wp-json\/wp\/v2\/pages"}],"about":[{"href":"https:\/\/iiccairo.esteri.it\/ar\/wp-json\/wp\/v2\/types\/page"}],"author":[{"embeddable":true,"href":"https:\/\/iiccairo.esteri.it\/ar\/wp-json\/wp\/v2\/users\/3"}],"replies":[{"embeddable":true,"href":"https:\/\/iiccairo.esteri.it\/ar\/wp-json\/wp\/v2\/comments?post=2262"}],"version-history":[{"count":1,"href":"https:\/\/iiccairo.esteri.it\/ar\/wp-json\/wp\/v2\/pages\/2262\/revisions"}],"predecessor-version":[{"id":2265,"href":"https:\/\/iiccairo.esteri.it\/ar\/wp-json\/wp\/v2\/pages\/2262\/revisions\/2265"}],"up":[{"embeddable":true,"href":"https:\/\/iiccairo.esteri.it\/ar\/wp-json\/wp\/v2\/pages\/78"}],"wp:attachment":[{"href":"https:\/\/iiccairo.esteri.it\/ar\/wp-json\/wp\/v2\/media?parent=2262"}],"curies":[{"name":"wp","href":"https:\/\/api.w.org\/{rel}","templated":true}]}}